{"id":99318,"date":"2025-09-24T07:43:45","date_gmt":"2025-09-24T07:43:45","guid":{"rendered":"https:\/\/dancedifferent-test.cz\/dance-classes-in-prague\/salsa-dancing-prague\/"},"modified":"2025-11-18T13:24:23","modified_gmt":"2025-11-18T13:24:23","slug":"salsa-dancing-prague","status":"publish","type":"page","link":"https:\/\/dancedifferent.cz\/en\/dance-classes-in-prague\/salsa-dancing-prague\/","title":{"rendered":"Salsa Dancing Prague"},"content":{"rendered":"\n<section class=\"wp-block-group alignfull has-global-padding is-layout-constrained wp-block-group-is-layout-constrained\">\n<div class=\"wp-block-columns alignwide is-layout-flex wp-container-core-columns-is-layout-28f84493 wp-block-columns-is-layout-flex\">\n<div class=\"wp-block-column is-vertically-aligned-center is-layout-flow wp-block-column-is-layout-flow\" style=\"flex-basis:55%\">\n<h3 class=\"wp-block-heading\" id=\"h-kubanska-salsa-praha\">Cuban Salsa Prague<\/h3>\n\n\n\n<p>Welcome to our Salsa dancing classes in Prague! Cuban salsa, also known as Casino, is a lively and energetic dance that originates from\u2026 well, from Cuba. It\u2019s full of dynamics, playfulness, and fun, which is why people all over the world have fallen in love with it. Partners move around each other in a circle, switching figures, giving the dance a spontaneous and exciting feel. This \u201ccircular motion\u201d is also what makes it different from its \u201cyounger sister,\u201d L.A. Salsa (also called Los Angeles or Salsa linea), where couples dance in a straight line.    <\/p>\n\n\n\n<p>Cuban salsa is also the origin of Rueda de Casino (also known simply as Rueda) \u2013 a group dance where several couples dance the same figures in a circle, led by one Cantante (caller\/leader of the Rueda).<\/p>\n\n\n\n<p>At DanceDifferent, we\u2019ll teach you Cuban salsa from scratch \u2013 starting with the <a href=\"https:\/\/dancedifferent.cz\/en\/dance-classes-in-prague\/salsa-dancing-prague\/cuban-salsa-0-introduction-class-for-absolute-beginners\/\">Level 0 Introduction Class<\/a>, where you\u2019ll learn the basic step <a href=\"https:\/\/youtu.be\/Kzk-xzITmcw?si=OIjHZCeb3r9J-JTT\" target=\"_blank\" rel=\"noreferrer noopener\">Guapea<\/a>, and the <a href=\"https:\/\/youtu.be\/h8Xj1Kin9Qs?si=lXfPoYLgXQHfw_oO\" target=\"_blank\" rel=\"noreferrer noopener\">Dile Que No<\/a> \u2013 a key element of Cuban salsa that all figures finish on. In addition, we\u2019ll show you how <a href=\"https:\/\/www.youtube.com\/results?search_query=rueda+de+casino\" target=\"_blank\" rel=\"noreferrer noopener\">Rueda<\/a> works, so you can join this dynamic group dance which we use to practice figures in our classes.<\/p>\n\n\n\n<p> With these basics, you can then join Salsa 1 and beyond, where you\u2019ll gradually advance to more complex figures, leading and following techniques, and even musicality, proper body movement, and styling for the ladies. Everything that will help you fully enjoy the magic of this dance. <\/p>\n\n\n\n<p>Cuban salsa is a dance full of joy, energy, and connection with music. Join us at DanceDifferent Salsa Prague and discover the exciting world of Cuban salsa. <\/p>\n\n\n\n<div class=\"wp-block-buttons is-content-justification-left is-layout-flex wp-container-core-buttons-is-layout-ef5fdf77 wp-block-buttons-is-layout-flex\" style=\"margin-top:var(--wp--preset--spacing--medium)\">\n<div class=\"wp-block-button has-custom-width wp-block-button__width-50 is-style-fill\"><a class=\"wp-block-button__link wp-element-button\" href=\"https:\/\/dancedifferent.cz\/en\/how-to-join\/\">How to join<\/a><\/div>\n\n\n\n<div class=\"wp-block-button has-custom-width wp-block-button__width-50 is-style-secondary-button is-style-secondary-button--1\"><a class=\"wp-block-button__link wp-element-button\" href=\"\/rozvrh\/\">Timetable<\/a><\/div>\n<\/div>\n<\/div>\n\n\n\n<div class=\"wp-block-column is-vertically-aligned-center is-layout-flow wp-block-column-is-layout-flow\">\n<figure class=\"wp-block-boldblocks-youtube-block\"><div id=\"yb-video-uAy4NPe3f-0\" class=\"yb-player\" data-video-id=\"uAy4NPe3f-0\" data-title=\"Play\" style=\"background-image:url(https:\/\/img.youtube.com\/vi\/uAy4NPe3f-0\/hqdefault.jpg)\"><button type=\"button\" class=\"yb-btn-play\"><span class=\"visually-hidden\">Play<\/span><\/button><\/div><\/figure>\n\n\n\n<figure class=\"wp-block-boldblocks-youtube-block\"><div id=\"yb-video-6x0wN6HktDc\" class=\"yb-player\" data-video-id=\"6x0wN6HktDc\" data-title=\"Play\" style=\"background-image:url(https:\/\/img.youtube.com\/vi_webp\/6x0wN6HktDc\/hqdefault.webp)\"><button type=\"button\" class=\"yb-btn-play\"><span class=\"visually-hidden\">Play<\/span><\/button><\/div><\/figure>\n\n\n\n<figure class=\"wp-block-boldblocks-youtube-block\"><div id=\"yb-video-i4QZWhK5L-s\" class=\"yb-player\" data-video-id=\"i4QZWhK5L-s\" data-title=\"Play\" style=\"background-image:url(https:\/\/img.youtube.com\/vi_webp\/i4QZWhK5L-s\/hqdefault.webp)\"><button type=\"button\" class=\"yb-btn-play\"><span class=\"visually-hidden\">Play<\/span><\/button><\/div><\/figure>\n<\/div>\n<\/div>\n<\/section>\n\n\n\n<div class=\"wp-block-group alignfull is-style-default has-custom-blocks-background-background-color has-background has-global-padding is-layout-constrained wp-block-group-is-layout-constrained\">\n<div class=\"wp-block-group is-layout-flow wp-container-core-group-is-layout-45d3a1ef wp-block-group-is-layout-flow\" style=\"padding-right:0;padding-bottom:var(--wp--preset--spacing--small);padding-left:0\">\n<p class=\"has-text-align-center has-primary-color has-text-color has-small-font-size\" style=\"font-style:normal;font-weight:500\">Beginners to advanced<\/p>\n\n\n\n<h2 class=\"wp-block-heading has-text-align-center\" id=\"h-pravidelny-rozvrh\" style=\"margin-top:0;margin-bottom:var(--wp--preset--spacing--small)\">Our Bachata Levels<\/h2>\n\n\n\n<p class=\"has-text-align-center\">We build dancers that others enjoy dancing with.<\/p>\n<\/div>\n\n\n\n<div class=\"wp-block-group alignwide is-layout-grid wp-container-core-group-is-layout-e435b326 wp-block-group-is-layout-grid\" style=\"margin-top:0;margin-bottom:0;padding-right:0;padding-left:0\">\n<div class=\"wp-block-group has-border-color has-border-light-border-color has-border-light-color has-main-background-color has-text-color has-background has-link-color wp-elements-aa0799ed3e92cd6a3385140c2fe5ddad is-vertical is-content-justification-stretch is-layout-flex wp-container-core-group-is-layout-fa2ca415 wp-block-group-is-layout-flex\" style=\"border-width:1px;border-radius:5px;min-height:100%;padding-top:var(--wp--preset--spacing--medium);padding-right:0;padding-bottom:var(--wp--preset--spacing--medium);padding-left:0\">\n<div class=\"wp-block-group has-global-padding is-layout-constrained wp-container-core-group-is-layout-f5f3bcb8 wp-block-group-is-layout-constrained\">\n<figure class=\"wp-block-image aligncenter size-full\"><img loading=\"lazy\" decoding=\"async\" width=\"140\" height=\"80\" src=\"https:\/\/dancedifferent.cz\/wp-content\/uploads\/2025\/01\/salsa-praha-uroven-0-uplni-zacatecnici.png\" alt=\"Grafika tachometru p\u0159edstavuj\u00edc\u00ed lekce salsa praha 0 Upln\u00ed Za\u010d\u00e1te\u010dn\u00edci lekce v DanceDifferent.\" class=\"wp-image-93254\"\/><\/figure>\n\n\n\n<p class=\"has-base-color has-text-color has-link-color wp-elements-c6977470c137ddbf26e2703e4c70fa79\" style=\"font-style:normal;font-weight:600\">Salsa 0 <br>Absolute beginners<\/p>\n\n\n\n<p class=\"has-small-font-size\">Beginners should start with 1 Introduction class where you will learn Salsa dancing basics (Guapea, Dile que no &amp; Rueda).<\/p>\n<\/div>\n\n\n\n<div class=\"wp-block-buttons is-content-justification-center is-layout-flex wp-container-core-buttons-is-layout-31e3ef33 wp-block-buttons-is-layout-flex\" style=\"padding-right:var(--wp--preset--spacing--small);padding-left:var(--wp--preset--spacing--small)\">\n<div class=\"wp-block-button has-custom-width wp-block-button__width-100 is-style-fill\"><a class=\"wp-block-button__link has-x-small-font-size has-custom-font-size wp-element-button\" href=\"https:\/\/dancedifferent.cz\/en\/dance-classes-in-prague\/salsa-dancing-prague\/cuban-salsa-0-introduction-class-for-absolute-beginners\/\">More info<\/a><\/div>\n<\/div>\n<\/div>\n\n\n\n<div class=\"wp-block-group has-border-color has-border-light-border-color has-border-light-color has-main-background-color has-text-color has-background has-link-color wp-elements-f5cc838b63f55f7beba1f22a9835171b is-vertical is-content-justification-stretch is-layout-flex wp-container-core-group-is-layout-fa2ca415 wp-block-group-is-layout-flex\" style=\"border-width:1px;border-radius:5px;min-height:100%;padding-top:var(--wp--preset--spacing--medium);padding-right:0;padding-bottom:var(--wp--preset--spacing--medium);padding-left:0\">\n<div class=\"wp-block-group has-global-padding is-layout-constrained wp-container-core-group-is-layout-f5f3bcb8 wp-block-group-is-layout-constrained\">\n<figure class=\"wp-block-image aligncenter size-full\"><img loading=\"lazy\" decoding=\"async\" width=\"140\" height=\"78\" src=\"https:\/\/dancedifferent.cz\/wp-content\/uploads\/2025\/01\/salsa-praha-uroven-1-zacatecnici.png\" alt=\"Grafika tachometru p\u0159edstavuj\u00edc\u00ed lekce salsa praha 1 pro Za\u010d\u00e1te\u010dn\u00edci.\" class=\"wp-image-93256\"\/><\/figure>\n\n\n\n<p class=\"has-base-color has-text-color has-link-color wp-elements-57de7c2c3f85ebc5cbfefba1951eb737\" style=\"font-style:normal;font-weight:600\">Salsa 1<br>Beginners<\/p>\n\n\n\n<p class=\"has-small-font-size\">Salsa 1 will teach you beginners figures (enchufala, dedo, sombrero, etc) and most importantly the correct basic leading\/following techniques.<\/p>\n<\/div>\n\n\n\n<div class=\"wp-block-buttons is-content-justification-center is-layout-flex wp-container-core-buttons-is-layout-31e3ef33 wp-block-buttons-is-layout-flex\" style=\"padding-right:var(--wp--preset--spacing--small);padding-left:var(--wp--preset--spacing--small)\">\n<div class=\"wp-block-button has-custom-width wp-block-button__width-100 is-style-fill\"><a class=\"wp-block-button__link has-x-small-font-size has-custom-font-size wp-element-button\" href=\"https:\/\/dancedifferent.cz\/en\/dance-classes-in-prague\/salsa-dancing-prague\/cuban-salsa-1-beginners\/\">More info<\/a><\/div>\n<\/div>\n<\/div>\n\n\n\n<div class=\"wp-block-group has-border-color has-border-light-border-color has-border-light-color has-main-background-color has-text-color has-background has-link-color wp-elements-1182225c5cdf33af499455933db2e634 is-vertical is-content-justification-stretch is-layout-flex wp-container-core-group-is-layout-fa2ca415 wp-block-group-is-layout-flex\" style=\"border-width:1px;border-radius:5px;min-height:100%;padding-top:var(--wp--preset--spacing--medium);padding-right:0;padding-bottom:var(--wp--preset--spacing--medium);padding-left:0\">\n<div class=\"wp-block-group has-global-padding is-layout-constrained wp-container-core-group-is-layout-f5f3bcb8 wp-block-group-is-layout-constrained\">\n<figure class=\"wp-block-image aligncenter size-full\"><img loading=\"lazy\" decoding=\"async\" width=\"140\" height=\"77\" src=\"https:\/\/dancedifferent.cz\/wp-content\/uploads\/2025\/01\/salsa-praha-uroven-2-mirne-pokrocili.png\" alt=\"Grafika tachometru p\u0159edstavuj\u00edc\u00ed lekce salsa praha 2 pro M\u00edrn\u011b Pokro\u010dil\u00ed.\" class=\"wp-image-93258\"\/><\/figure>\n\n\n\n<p class=\"has-base-color has-text-color has-link-color wp-elements-f6da9f7e05aaf54eb83f8d38c9d5a72f\" style=\"font-style:normal;font-weight:600\">Salsa 2 <br>Intermediate<\/p>\n\n\n\n<p class=\"has-small-font-size\">You will learn more complex techniques &amp; skills, many more complex figures as well as some basic body movement &amp; musicality.<\/p>\n<\/div>\n\n\n\n<div class=\"wp-block-buttons is-content-justification-center is-layout-flex wp-container-core-buttons-is-layout-31e3ef33 wp-block-buttons-is-layout-flex\" style=\"padding-right:var(--wp--preset--spacing--small);padding-left:var(--wp--preset--spacing--small)\">\n<div class=\"wp-block-button has-custom-width wp-block-button__width-100 is-style-fill\"><a class=\"wp-block-button__link has-x-small-font-size has-custom-font-size wp-element-button\" href=\"https:\/\/dancedifferent.cz\/en\/dance-classes-in-prague\/salsa-dancing-prague\/cuban-salsa-2-intermediate\/\">More info<\/a><\/div>\n<\/div>\n<\/div>\n\n\n\n<div class=\"wp-block-group has-border-color has-border-light-border-color has-border-light-color has-main-background-color has-text-color has-background has-link-color wp-elements-f847bffd041cdb6e9b30d768a36db22c is-vertical is-content-justification-stretch is-layout-flex wp-container-core-group-is-layout-fa2ca415 wp-block-group-is-layout-flex\" style=\"border-width:1px;border-radius:5px;min-height:100%;padding-top:var(--wp--preset--spacing--medium);padding-right:0;padding-bottom:var(--wp--preset--spacing--medium);padding-left:0\">\n<div class=\"wp-block-group has-global-padding is-layout-constrained wp-container-core-group-is-layout-f5f3bcb8 wp-block-group-is-layout-constrained\">\n<figure class=\"wp-block-image aligncenter size-full\"><img loading=\"lazy\" decoding=\"async\" width=\"140\" height=\"76\" src=\"https:\/\/dancedifferent.cz\/wp-content\/uploads\/2025\/01\/salsa-praha-uroven-3-pokrocili.png\" alt=\"Grafika tachometru p\u0159edstavuj\u00edc\u00ed lekce salsa praha 3 pro Pokro\u010dil\u00ed.\" class=\"wp-image-93260\"\/><\/figure>\n\n\n\n<p class=\"has-base-color has-text-color has-link-color wp-elements-bde8721b9569665e415684011d1f4fb1\" style=\"font-style:normal;font-weight:600\">Salsa 3<br>Advanced<\/p>\n\n\n\n<p class=\"has-small-font-size\">Salsa 3 takes technique, skills, and figures to the next level. More time is spent on body movement, and we also introduce Afro-Cuban roots like Son and Rumba.<\/p>\n<\/div>\n\n\n\n<div class=\"wp-block-buttons is-content-justification-center is-layout-flex wp-container-core-buttons-is-layout-31e3ef33 wp-block-buttons-is-layout-flex\" style=\"padding-right:var(--wp--preset--spacing--small);padding-left:var(--wp--preset--spacing--small)\">\n<div class=\"wp-block-button has-custom-width wp-block-button__width-100 is-style-fill\"><a class=\"wp-block-button__link has-x-small-font-size has-custom-font-size wp-element-button\" href=\"https:\/\/dancedifferent.cz\/en\/dance-classes-in-prague\/salsa-dancing-prague\/cuban-salsa-3\/\">More info<\/a><\/div>\n<\/div>\n<\/div>\n\n\n\n<div class=\"wp-block-group has-border-color has-border-light-border-color has-border-light-color has-main-background-color has-text-color has-background has-link-color wp-elements-a571942a6d9f0796fa1a02385b23213e is-vertical is-content-justification-stretch is-layout-flex wp-container-core-group-is-layout-fa2ca415 wp-block-group-is-layout-flex\" style=\"border-width:1px;border-radius:5px;min-height:100%;padding-top:var(--wp--preset--spacing--medium);padding-right:0;padding-bottom:var(--wp--preset--spacing--medium);padding-left:0\">\n<div class=\"wp-block-group has-global-padding is-layout-constrained wp-container-core-group-is-layout-f5f3bcb8 wp-block-group-is-layout-constrained\">\n<figure class=\"wp-block-image aligncenter size-full\"><img loading=\"lazy\" decoding=\"async\" width=\"140\" height=\"76\" src=\"https:\/\/dancedifferent.cz\/wp-content\/uploads\/2025\/01\/salsa-praha-uroven-4-pokrocili-plus.png\" alt=\"Grafika tachometru p\u0159edstavuj\u00edc\u00ed lekce salsa praha 4 pro Pokro\u010dil\u00ed Plus\" class=\"wp-image-93262\"\/><\/figure>\n\n\n\n<p class=\"has-base-color has-text-color has-link-color wp-elements-79d2dbba44087dc951718d86ace7a510\" style=\"font-style:normal;font-weight:600\">Salsa 4<br>Advanced Plus<\/p>\n\n\n\n<p class=\"has-small-font-size\">For the top Salsa Prague dancers who are fast learners &amp; want advanced partner-work, musicality &amp; a ton of advanced body movement.<\/p>\n<\/div>\n\n\n\n<div class=\"wp-block-buttons is-content-justification-center is-layout-flex wp-container-core-buttons-is-layout-31e3ef33 wp-block-buttons-is-layout-flex\" style=\"padding-right:var(--wp--preset--spacing--small);padding-left:var(--wp--preset--spacing--small)\">\n<div class=\"wp-block-button has-custom-width wp-block-button__width-100 is-style-fill\"><a class=\"wp-block-button__link has-x-small-font-size has-custom-font-size wp-element-button\" href=\"https:\/\/dancedifferent.cz\/en\/dance-classes-in-prague\/salsa-dancing-prague\/cuban-salsa-3-4-advanced-plus\/\">More info<\/a><\/div>\n<\/div>\n<\/div>\n<\/div>\n<\/div>\n\n\n\n<div class=\"wp-block-cover alignfull is-style-rounded-cover\"><span aria-hidden=\"true\" class=\"wp-block-cover__background has-secondary-background-color has-background-dim-90 has-background-dim\"><\/span><img loading=\"lazy\" decoding=\"async\" width=\"1680\" height=\"945\" src=\"https:\/\/dancedifferent.cz\/wp-content\/uploads\/2025\/02\/kubanska-salsa-praha-lekce.jpg\" class=\"wp-block-cover__image-background wp-post-image\" alt=\"Two dance couples performing salsa dancing moves in a Prague studio, posing against a black background.\" data-object-fit=\"cover\" data-object-position=\"50% 20%\" style=\"object-position:50% 20%;\" srcset=\"https:\/\/dancedifferent.cz\/wp-content\/uploads\/2025\/02\/kubanska-salsa-praha-lekce.jpg 1680w, https:\/\/dancedifferent.cz\/wp-content\/uploads\/2025\/02\/kubanska-salsa-praha-lekce-300x169.jpg 300w, https:\/\/dancedifferent.cz\/wp-content\/uploads\/2025\/02\/kubanska-salsa-praha-lekce-1024x576.jpg 1024w, https:\/\/dancedifferent.cz\/wp-content\/uploads\/2025\/02\/kubanska-salsa-praha-lekce-768x432.jpg 768w, https:\/\/dancedifferent.cz\/wp-content\/uploads\/2025\/02\/kubanska-salsa-praha-lekce-1536x864.jpg 1536w\" sizes=\"auto, (max-width: 1680px) 100vw, 1680px\" \/><div class=\"wp-block-cover__inner-container is-layout-flow wp-block-cover-is-layout-flow\">\n<div class=\"wp-block-group alignfull has-base-color has-text-color is-content-justification-center is-layout-flex wp-container-core-group-is-layout-b02886af wp-block-group-is-layout-flex\">\n<div class=\"wp-block-group is-layout-flow wp-block-group-is-layout-flow\">\n<h2 class=\"wp-block-heading has-text-align-left\" id=\"h-nevis-do-jake-urovne\">Not sure about the level? <\/h2>\n\n\n\n<p class=\"has-text-align-left\">If you already have experience with Cuban Salsa. Come for a free 15 min consultation where we will allocate you to the right level. <\/p>\n<\/div>\n\n\n\n<div class=\"wp-block-buttons is-content-justification-center is-layout-flex wp-container-core-buttons-is-layout-a89b3969 wp-block-buttons-is-layout-flex\">\n<div class=\"wp-block-button is-style-button-light is-style-button-light--2\"><a class=\"wp-block-button__link wp-element-button\" href=\"mailto:dance@dancedifferent.cz?subject=15 min konzultace&amp;body=Skv\u011bl\u00fd! V\u017edy r\u00e1di p\u0159iv\u00edt\u00e1me lidi, kte\u0159\u00ed ji\u017e tan\u010dili! Napi\u0161 n\u00e1m pros\u00edm n\u00e1sleduj\u00edc\u00ed: 1. Kde jsi d\u0159\u00edve tan\u010dil\/a a jak dlouho? 2. Kter\u00e9 tane\u010dn\u00ed styly t\u011b zaj\u00edmaj\u00ed? 3. Napi\u0161 n\u00e1m pros\u00edm sv\u00e9 telefonn\u00ed \u010d\u00edslo. D\u011bkujeme, t\u00fdm DanceDifferent.\">Request consultation<\/a><\/div>\n<\/div>\n<\/div>\n<\/div><\/div>\n\n\n\n<p><\/p>\n","protected":false},"excerpt":{"rendered":"<p>Cuban Salsa Prague Welcome to our Salsa dancing classes in Prague! Cuban salsa, also known as Casino, is a lively and energetic dance that originates from\u2026 well, from Cuba. It\u2019s full of dynamics, playfulness, and fun, which is why people all over the world have fallen in love with it. Partners move around each other [&hellip;]<\/p>\n","protected":false},"author":1,"featured_media":95802,"parent":99303,"menu_order":0,"comment_status":"closed","ping_status":"closed","template":"page-no-title","meta":{"footnotes":""},"class_list":["post-99318","page","type-page","status-publish","has-post-thumbnail","hentry"],"_links":{"self":[{"href":"https:\/\/dancedifferent.cz\/en\/wp-json\/wp\/v2\/pages\/99318","targetHints":{"allow":["GET"]}}],"collection":[{"href":"https:\/\/dancedifferent.cz\/en\/wp-json\/wp\/v2\/pages"}],"about":[{"href":"https:\/\/dancedifferent.cz\/en\/wp-json\/wp\/v2\/types\/page"}],"author":[{"embeddable":true,"href":"https:\/\/dancedifferent.cz\/en\/wp-json\/wp\/v2\/users\/1"}],"replies":[{"embeddable":true,"href":"https:\/\/dancedifferent.cz\/en\/wp-json\/wp\/v2\/comments?post=99318"}],"version-history":[{"count":6,"href":"https:\/\/dancedifferent.cz\/en\/wp-json\/wp\/v2\/pages\/99318\/revisions"}],"predecessor-version":[{"id":99816,"href":"https:\/\/dancedifferent.cz\/en\/wp-json\/wp\/v2\/pages\/99318\/revisions\/99816"}],"up":[{"embeddable":true,"href":"https:\/\/dancedifferent.cz\/en\/wp-json\/wp\/v2\/pages\/99303"}],"wp:featuredmedia":[{"embeddable":true,"href":"https:\/\/dancedifferent.cz\/en\/wp-json\/wp\/v2\/media\/95802"}],"wp:attachment":[{"href":"https:\/\/dancedifferent.cz\/en\/wp-json\/wp\/v2\/media?parent=99318"}],"curies":[{"name":"wp","href":"https:\/\/api.w.org\/{rel}","templated":true}]}}