{"id":99261,"date":"2025-09-24T06:26:00","date_gmt":"2025-09-24T06:26:00","guid":{"rendered":"https:\/\/dancedifferent-test.cz\/price-list-group-lessons\/"},"modified":"2025-10-26T18:01:55","modified_gmt":"2025-10-26T18:01:55","slug":"price-list-group-lessons","status":"publish","type":"page","link":"https:\/\/dancedifferent.cz\/en\/price-list-group-lessons\/","title":{"rendered":"Price list | Group lessons"},"content":{"rendered":"\n<section class=\"wp-block-group alignfull has-global-padding is-layout-constrained wp-block-group-is-layout-constrained\">\n<div class=\"wp-block-columns alignwide is-layout-flex wp-container-core-columns-is-layout-28f84493 wp-block-columns-is-layout-flex\">\n<div class=\"wp-block-column is-vertically-aligned-center is-layout-flow wp-block-column-is-layout-flow\" style=\"flex-basis:55%\">\n<h3 class=\"wp-block-heading\" id=\"h-jednoduchy-cenik-pro-skupinove-lekce\">Simple price list for group lessons<\/h3>\n\n\n\n<p>Class Passes can be used for all group classes and workshops of your level, regardless of <strong><a href=\"\/en\/dance-in-prague-salsa-bachata\/\">style of dance<\/a>.<\/strong><\/p>\n\n\n\n<div class=\"wp-block-group has-global-padding is-layout-constrained wp-container-core-group-is-layout-f9c23436 wp-block-group-is-layout-constrained\" style=\"border-radius:5px;margin-top:var(--wp--preset--spacing--small);margin-bottom:0;padding-top:0;padding-right:0;padding-bottom:0;padding-left:0\">\n<div class=\"wp-block-group has-border-dark-background-color has-background is-content-justification-left is-layout-flex wp-container-core-group-is-layout-8de93979 wp-block-group-is-layout-flex\" style=\"border-top-left-radius:5px;border-top-right-radius:5px;padding-top:var(--wp--preset--spacing--medium);padding-right:var(--wp--preset--spacing--medium);padding-bottom:var(--wp--preset--spacing--small);padding-left:var(--wp--preset--spacing--large)\">\n<h4 class=\"wp-block-heading wp-container-content-b99e70a5\" id=\"h-cenik-pracujici\">Prices | Adults\u200b<\/h4>\n\n\n\n<div class=\"wp-block-group wp-container-content-a5fc19f1 is-vertical is-content-justification-right is-layout-flex wp-container-core-group-is-layout-2263d53f wp-block-group-is-layout-flex\" style=\"margin-top:0;margin-bottom:0;padding-top:0;padding-right:0;padding-bottom:0;padding-left:0\">\n<figure class=\"wp-block-image alignright size-full is-resized\" style=\"margin-top:0;margin-bottom:0\"><a href=\"#benefity\"><img loading=\"lazy\" decoding=\"async\" width=\"240\" height=\"60\" src=\"https:\/\/dancedifferent.cz\/wp-content\/uploads\/2025\/10\/Screenshot-2025-10-05-at-16.21.00.png\" alt=\"benefity\" class=\"wp-image-99496\" style=\"width:171px;height:auto\"\/><\/a><\/figure>\n\n\n\n<p class=\"has-text-align-right has-text-color has-link-color wp-elements-ab6535152bf1441b2e0a4d1ab3d734e1\" style=\"color:#9f9f9f;margin-top:0;margin-right:0;margin-bottom:0;margin-left:0;padding-top:5px;padding-right:0;padding-bottom:0;padding-left:0;font-size:13px\">More on benefits below*<\/p>\n<\/div>\n<\/div>\n\n\n\n<div class=\"wp-block-group has-main-color has-base-background-color has-text-color has-background is-content-justification-space-between is-nowrap is-layout-flex wp-container-core-group-is-layout-3f78976b wp-block-group-is-layout-flex\" style=\"padding-top:var(--wp--preset--spacing--medium);padding-right:var(--wp--preset--spacing--large);padding-bottom:var(--wp--preset--spacing--medium);padding-left:var(--wp--preset--spacing--large)\">\n<ul class=\"wp-block-list no-bullets wp-container-content-663c14dd\">\n<li>10 Classes | Normal Pass<\/li>\n\n\n\n<li class=\"has-x-small-font-size\">Valid for 5 months (150 days), including 1 month of our \u2600\ufe0fsummer \/ \u2744\ufe0f winter holidays. <strong>It is possible to extend the validity of your 10 classes pass for 200czk\/month.<\/strong><\/li>\n<\/ul>\n\n\n\n<p class=\"wp-container-content-2f62e668\">2400czk<\/p>\n<\/div>\n\n\n\n<div class=\"wp-block-group has-main-color has-tertiary-background-color has-text-color has-background is-content-justification-space-between is-nowrap is-layout-flex wp-container-core-group-is-layout-3f78976b wp-block-group-is-layout-flex\" style=\"padding-top:var(--wp--preset--spacing--medium);padding-right:var(--wp--preset--spacing--large);padding-bottom:var(--wp--preset--spacing--medium);padding-left:var(--wp--preset--spacing--large)\">\n<ul class=\"wp-block-list no-bullets wp-container-content-663c14dd\">\n<li>10 Classes | Addicted Pass<\/li>\n\n\n\n<li class=\"has-x-small-font-size\">Valid for 30 days from your first lesson. <strong>Extending the validity of this pass is not possible.<\/strong><\/li>\n<\/ul>\n\n\n\n<p class=\"wp-container-content-2f62e668\">1800czk<\/p>\n<\/div>\n\n\n\n<div class=\"wp-block-group has-main-color has-base-background-color has-text-color has-background is-content-justification-space-between is-layout-flex wp-container-core-group-is-layout-503f8a9d wp-block-group-is-layout-flex\" style=\"padding-top:var(--wp--preset--spacing--medium);padding-right:var(--wp--preset--spacing--large);padding-bottom:var(--wp--preset--spacing--medium);padding-left:var(--wp--preset--spacing--large)\">\n<p>1 lesson<\/p>\n\n\n\n<p class=\"wp-container-content-2f62e668\">290k\u010d<\/p>\n<\/div>\n<\/div>\n\n\n\n<div class=\"wp-block-group has-global-padding is-layout-constrained wp-container-core-group-is-layout-9f20d9a6 wp-block-group-is-layout-constrained\" style=\"border-radius:5px;padding-top:0;padding-right:0;padding-bottom:0;padding-left:0\">\n<div class=\"wp-block-group has-primary-alt-background-color has-background is-content-justification-space-between is-layout-flex wp-container-core-group-is-layout-dd41b91c wp-block-group-is-layout-flex\" style=\"border-top-left-radius:5px;border-top-right-radius:5px;padding-top:var(--wp--preset--spacing--medium);padding-right:var(--wp--preset--spacing--large);padding-bottom:var(--wp--preset--spacing--medium);padding-left:var(--wp--preset--spacing--large)\">\n<h4 class=\"wp-block-heading\" id=\"h-cenik-studenti\">Prices | Students<\/h4>\n\n\n\n<p class=\"has-custom-black-color has-text-color has-link-color has-x-small-font-size wp-elements-85e8a02cf885c30dc46aa96d932b199d\" style=\"margin-top:-10px\">\ud83e\uddd1\u200d\ud83c\udf93 Student passes \ud83d\udc69\ud83c\udffc\u200d\ud83c\udf93 can be purchased at the reception upon presenting a valid student ID.<\/p>\n<\/div>\n\n\n\n<div class=\"wp-block-group has-main-color has-base-background-color has-text-color has-background is-content-justification-space-between is-nowrap is-layout-flex wp-container-core-group-is-layout-3f78976b wp-block-group-is-layout-flex\" style=\"padding-top:var(--wp--preset--spacing--medium);padding-right:var(--wp--preset--spacing--large);padding-bottom:var(--wp--preset--spacing--medium);padding-left:var(--wp--preset--spacing--large)\">\n<ul class=\"wp-block-list no-bullets wp-container-content-663c14dd\">\n<li>10 Classes | Normal Pass<\/li>\n\n\n\n<li class=\"has-x-small-font-size\">Valid for 5 months (150 days), including 1 month of our \u2600\ufe0fsummer \/ \u2744\ufe0f winter holidays. <strong>It is possible to extend the validity of your 10 classes pass for 200czk\/month.<\/strong><\/li>\n<\/ul>\n\n\n\n<p class=\"wp-container-content-2f62e668\">1800czk<\/p>\n<\/div>\n\n\n\n<div class=\"wp-block-group has-main-color has-tertiary-background-color has-text-color has-background is-content-justification-space-between is-layout-flex wp-container-core-group-is-layout-503f8a9d wp-block-group-is-layout-flex\" style=\"padding-top:var(--wp--preset--spacing--medium);padding-right:var(--wp--preset--spacing--large);padding-bottom:var(--wp--preset--spacing--medium);padding-left:var(--wp--preset--spacing--large)\">\n<p>1 lesson<\/p>\n\n\n\n<p class=\"wp-container-content-2f62e668\">290k\u010d<\/p>\n<\/div>\n<\/div>\n<\/div>\n\n\n\n<div class=\"wp-block-column is-vertically-aligned-top is-layout-flow wp-block-column-is-layout-flow\" style=\"flex-basis:45%\">\n<figure class=\"wp-block-image size-large is-style-rounded\"><img loading=\"lazy\" decoding=\"async\" width=\"1138\" height=\"1706\" src=\"https:\/\/dancedifferent.cz\/wp-content\/uploads\/2025\/02\/cenik-skupinove-lekce-praha.jpg\" alt=\"p\u00e1r kter\u00fd tan\u010d\u00ed Bachatu na skupinov\u00e9 lekce.\" class=\"wp-image-95742\" style=\"aspect-ratio:3\/4;object-fit:cover\" srcset=\"https:\/\/dancedifferent.cz\/wp-content\/uploads\/2025\/02\/cenik-skupinove-lekce-praha.jpg 1138w, https:\/\/dancedifferent.cz\/wp-content\/uploads\/2025\/02\/cenik-skupinove-lekce-praha-200x300.jpg 200w, https:\/\/dancedifferent.cz\/wp-content\/uploads\/2025\/02\/cenik-skupinove-lekce-praha-683x1024.jpg 683w, https:\/\/dancedifferent.cz\/wp-content\/uploads\/2025\/02\/cenik-skupinove-lekce-praha-768x1151.jpg 768w, https:\/\/dancedifferent.cz\/wp-content\/uploads\/2025\/02\/cenik-skupinove-lekce-praha-1025x1536.jpg 1025w\" sizes=\"auto, (max-width: 1138px) 100vw, 1138px\" \/><\/figure>\n<\/div>\n<\/div>\n<\/section>\n\n\n\n<section class=\"wp-block-group alignfull has-custom-blocks-background-background-color has-background has-global-padding is-layout-constrained wp-block-group-is-layout-constrained\" id=\"benefity\">\n<div class=\"wp-block-group is-layout-flow wp-container-core-group-is-layout-7c209a9b wp-block-group-is-layout-flow\" style=\"padding-right:0;padding-bottom:0;padding-left:0\">\n<p class=\"has-text-align-center has-primary-color has-text-color has-small-font-size\" style=\"font-style:normal;font-weight:500\">Benefits<\/p>\n\n\n\n<h2 class=\"wp-block-heading has-text-align-center\" id=\"h-nbsp-benefit-karty\" style=\"margin-top:0;margin-bottom:var(--wp--preset--spacing--small)\"> Benefit cards<\/h2>\n\n\n\n<p class=\"has-text-align-center\">We accept the following benefit cards.<\/p>\n<\/div>\n\n\n\n<div class=\"wp-block-columns alignwide is-layout-flex wp-container-core-columns-is-layout-28f84493 wp-block-columns-is-layout-flex\">\n<div class=\"wp-block-column is-vertically-aligned-top is-layout-flow wp-block-column-is-layout-flow\" style=\"flex-basis:45%\">\n<figure class=\"wp-block-image aligncenter size-full is-style-rounded\"><img loading=\"lazy\" decoding=\"async\" width=\"400\" height=\"227\" src=\"https:\/\/dancedifferent.cz\/wp-content\/uploads\/2025\/02\/benefity-pro-skupinove-lekce-dancedifferent-1.png\" alt=\"Benefit karty, kter\u00e9 DanceDifferent p\u0159ij\u00edm\u00e1 pro sv\u00e9 skupinov\u00e9 lekce.\" class=\"wp-image-97708\" srcset=\"https:\/\/dancedifferent.cz\/wp-content\/uploads\/2025\/02\/benefity-pro-skupinove-lekce-dancedifferent-1.png 400w, https:\/\/dancedifferent.cz\/wp-content\/uploads\/2025\/02\/benefity-pro-skupinove-lekce-dancedifferent-1-300x170.png 300w\" sizes=\"auto, (max-width: 400px) 100vw, 400px\" \/><\/figure>\n<\/div>\n\n\n\n<div class=\"wp-block-column is-vertically-aligned-center is-layout-flow wp-block-column-is-layout-flow\" style=\"flex-basis:55%\">\n<p>Benefit programs can only be used to purchase 10-class passes.<\/p>\n\n\n\n<p>Some company benefit programs may cover sports\/activities with an invoice. If you need an invoice for your group lessons, send us an email. <\/p>\n<\/div>\n<\/div>\n<\/section>\n","protected":false},"excerpt":{"rendered":"<p>Simple price list for group lessons Class Passes can be used for all group classes and workshops of your level, regardless of style of dance. Prices | Adults\u200b More on benefits below* 2400czk 1800czk 1 lesson 290k\u010d Prices | Students \ud83e\uddd1\u200d\ud83c\udf93 Student passes \ud83d\udc69\ud83c\udffc\u200d\ud83c\udf93 can be purchased at the reception upon presenting a valid student [&hellip;]<\/p>\n","protected":false},"author":1,"featured_media":95754,"parent":0,"menu_order":0,"comment_status":"closed","ping_status":"closed","template":"page-no-title","meta":{"footnotes":""},"class_list":["post-99261","page","type-page","status-publish","has-post-thumbnail","hentry"],"_links":{"self":[{"href":"https:\/\/dancedifferent.cz\/en\/wp-json\/wp\/v2\/pages\/99261","targetHints":{"allow":["GET"]}}],"collection":[{"href":"https:\/\/dancedifferent.cz\/en\/wp-json\/wp\/v2\/pages"}],"about":[{"href":"https:\/\/dancedifferent.cz\/en\/wp-json\/wp\/v2\/types\/page"}],"author":[{"embeddable":true,"href":"https:\/\/dancedifferent.cz\/en\/wp-json\/wp\/v2\/users\/1"}],"replies":[{"embeddable":true,"href":"https:\/\/dancedifferent.cz\/en\/wp-json\/wp\/v2\/comments?post=99261"}],"version-history":[{"count":15,"href":"https:\/\/dancedifferent.cz\/en\/wp-json\/wp\/v2\/pages\/99261\/revisions"}],"predecessor-version":[{"id":99693,"href":"https:\/\/dancedifferent.cz\/en\/wp-json\/wp\/v2\/pages\/99261\/revisions\/99693"}],"wp:featuredmedia":[{"embeddable":true,"href":"https:\/\/dancedifferent.cz\/en\/wp-json\/wp\/v2\/media\/95754"}],"wp:attachment":[{"href":"https:\/\/dancedifferent.cz\/en\/wp-json\/wp\/v2\/media?parent=99261"}],"curies":[{"name":"wp","href":"https:\/\/api.w.org\/{rel}","templated":true}]}}